{"id":8736,"date":"2025-01-30T02:57:07","date_gmt":"2025-01-30T02:57:07","guid":{"rendered":"https:\/\/mtravel.ee\/?post_type=product&#038;p=8736"},"modified":"2025-01-30T03:08:02","modified_gmt":"2025-01-30T03:08:02","slug":"%d0%bf%d1%80%d0%b8%d0%bc%d0%b5%d1%80-%d1%82%d1%83%d1%80%d0%b0","status":"publish","type":"product","link":"https:\/\/mtravel.ee\/et\/toode\/%d0%bf%d1%80%d0%b8%d0%bc%d0%b5%d1%80-%d1%82%d1%83%d1%80%d0%b0\/","title":{"rendered":"\u041f\u0440\u0438\u043c\u0435\u0440 \u0442\u0443\u0440\u0430"},"content":{"rendered":"<section id=\"hotel-desc\" class=\"desc\" data-v-1d8f35ea=\"\" data-v-345f7597=\"\">\n<div data-v-1d8f35ea=\"\">\n<div class=\"desc__text\" data-v-1d8f35ea=\"\">\n<div data-v-1d8f35ea=\"\">Kauni saare l\u00f5unaosas mere \u00e4\u00e4res Tangalles asuv kuurort on ideaalne varjupaik eraldatud puhkuseks, kus saab nautida v\u00e4hem kui 100 meetri kaugusel asuvaid Sri Lanka kauneid randu. Hotellis on restoran, baar, aed ja tasuta wifi.<\/div>\n<\/div>\n<div class=\"desc__meta\" data-v-1d8f35ea=\"\">\n<div class=\"desc__meta-item\" data-v-1d8f35ea=\"\">\n<div data-v-1d8f35ea=\"\"><span data-v-1d8f35ea=\"\">Tubade arv:<\/span><b class=\"nowrap\" data-v-1d8f35ea=\"\">14<\/b><\/div>\n<\/div>\n<div class=\"desc__meta-item\" data-v-1d8f35ea=\"\">\n<div data-v-1d8f35ea=\"\"><span data-v-1d8f35ea=\"\">Sisseregistreerimine:<\/span><b class=\"nowrap\" data-v-1d8f35ea=\"\">14.00<\/b><\/div>\n<\/div>\n<div class=\"desc__meta-item\" data-v-1d8f35ea=\"\">\n<div data-v-1d8f35ea=\"\">\n<p><span data-v-1d8f35ea=\"\">V\u00e4ljaregistreerimine:<\/span><b class=\"nowrap\" data-v-1d8f35ea=\"\">12.00<\/b><\/p>\n<p>&nbsp;<\/p>\n<\/div>\n<\/div>\n<\/div>\n<\/div>\n<\/section>\n<section id=\"hotel-rooms\" class=\"room\" data-v-1713de66=\"\" data-v-345f7597=\"\">\n<h3 class=\"room__main-title hotel__section-title\" data-v-1713de66=\"\">Toat\u00fc\u00fcp<\/h3>\n<div class=\"room__item\" data-v-168c0d2d=\"\" data-v-1713de66=\"\">\n<div class=\"room__table-body\" data-v-168c0d2d=\"\">\n<div class=\"room__table-body-name\" data-v-168c0d2d=\"\">Standard Room<\/div>\n<\/div>\n<div class=\"room__content\" data-v-168c0d2d=\"\" data-v-6064ec4b=\"\">\n<div class=\"room__details\" data-v-168c0d2d=\"\">\n<div class=\"room__details-inner\" data-v-168c0d2d=\"\">\n<ul class=\"room__meta\" data-v-168c0d2d=\"\">\n<li class=\"room__meta-item\" data-v-168c0d2d=\"\">\n<div data-v-168c0d2d=\"\"><span data-v-168c0d2d=\"\">Ruumi suurus:<\/span><b class=\"nowrap\" data-v-168c0d2d=\"\">12 m2<\/b><\/div>\n<\/li>\n<li class=\"room__meta-item\" data-v-168c0d2d=\"\">\n<div data-v-168c0d2d=\"\">\n<p><span data-v-168c0d2d=\"\">Maksimaalne k\u00fclaliste arv toas:<\/span><b class=\"nowrap\" data-v-168c0d2d=\"\">2<\/b><\/p>\n<p><span style=\"font-size: 1.41578em;\">Mugavused<\/span><\/p>\n<\/div>\n<\/li>\n<\/ul>\n<ul class=\"room__features\" data-v-168c0d2d=\"\">\n<li class=\"room__feature\" data-v-168c0d2d=\"\">konditsioneer<\/li>\n<li class=\"room__feature\" data-v-168c0d2d=\"\">vann \/ du\u0161\u0161<\/li>\n<li class=\"room__feature\" data-v-168c0d2d=\"\">bidee<\/li>\n<li class=\"room__feature\" data-v-168c0d2d=\"\">teekann<\/li>\n<li class=\"room__feature\" data-v-168c0d2d=\"\">minibaar<\/li>\n<li class=\"room__feature\" data-v-168c0d2d=\"\">terrass \/ r\u00f5du<\/li>\n<li class=\"room__feature\" data-v-168c0d2d=\"\">tualett<\/li>\n<li class=\"room__feature\" data-v-168c0d2d=\"\">r\u00e4tikud<\/li>\n<li class=\"room__feature\" data-v-168c0d2d=\"\">TV: kanalid<\/li>\n<\/ul>\n<\/div>\n<\/div>\n<\/div>\n<\/div>\n<div class=\"room__item\" data-v-168c0d2d=\"\" data-v-1713de66=\"\">\n<div class=\"room__table-body\" data-v-168c0d2d=\"\">\n<div class=\"room__table-body-name\" data-v-168c0d2d=\"\">\n<p>Luxury Cabana<\/p>\n<\/div>\n<\/div>\n<div class=\"room__content\" data-v-168c0d2d=\"\" data-v-6064ec4b=\"\">\n<div class=\"room__details\" data-v-168c0d2d=\"\">\n<div class=\"room__details-inner\" data-v-168c0d2d=\"\">\n<h4 class=\"room__features-title\" data-v-168c0d2d=\"\">Mugavused<\/h4>\n<ul class=\"room__features\" data-v-168c0d2d=\"\">\n<li class=\"room__feature\" data-v-168c0d2d=\"\">konditsioneer<\/li>\n<li class=\"room__feature\" data-v-168c0d2d=\"\">vann \/ du\u0161\u0161<\/li>\n<li class=\"room__feature\" data-v-168c0d2d=\"\">bidee<\/li>\n<li class=\"room__feature\" data-v-168c0d2d=\"\">teekann<\/li>\n<li class=\"room__feature\" data-v-168c0d2d=\"\">minibaar<\/li>\n<li class=\"room__feature\" data-v-168c0d2d=\"\">terrass \/ r\u00f5du<\/li>\n<li class=\"room__feature\" data-v-168c0d2d=\"\">tualett<\/li>\n<li class=\"room__feature\" data-v-168c0d2d=\"\">r\u00e4tikud<\/li>\n<li class=\"room__feature\" data-v-168c0d2d=\"\">TV: kanalid<\/li>\n<\/ul>\n<\/div>\n<\/div>\n<\/div>\n<\/div>\n<\/section>","protected":false},"excerpt":{"rendered":"<style id=\"wpforms-css-vars-8043\">\n\t\t\t\t#wpforms-8043 {<\/p>\n<p>\t\t\t}\n\t\t\t<\/style>\n<div class=\"wpforms-container wpforms-container-full wpforms-render-modern\" id=\"wpforms-8043\">\n<form id=\"wpforms-form-8043\" class=\"wpforms-validate wpforms-form wpforms-ajax-form\" data-formid=\"8043\" method=\"post\" enctype=\"multipart\/form-data\" action=\"\/et\/wp-json\/wp\/v2\/product\/8736\" data-token=\"2c4d75bcb1b4d3e15b2b1c38baa09af0\" data-token-time=\"1775749126\"><noscript class=\"wpforms-error-noscript\">Please enable JavaScript in your browser to complete this form.<\/noscript><\/p>\n<div id=\"wpforms-error-noscript\" style=\"display: none;\">Please enable JavaScript in your browser to complete this form.<\/div>\n<div class=\"wpforms-field-container\">\n<div id=\"wpforms-8043-field_1-container\" class=\"wpforms-field wpforms-field-name\" data-field-id=\"1\">\n<fieldset>\n<legend class=\"wpforms-field-label\">\u041a\u043e\u043d\u0442\u0430\u043a\u0442\u043d\u044b\u0435 \u0434\u0430\u043d\u043d\u044b\u0435 <span class=\"wpforms-required-label\" aria-hidden=\"true\">*<\/span><\/legend>\n<div class=\"wpforms-field-row wpforms-field-large\">\n<div class=\"wpforms-field-row-block wpforms-first wpforms-one-half\"><input type=\"text\" id=\"wpforms-8043-field_1\" class=\"wpforms-field-name-first wpforms-field-required\" name=\"wpforms[fields][1][first]\" placeholder=\"\u0418\u043c\u044f\" aria-errormessage=\"wpforms-8043-field_1-error\" required><label for=\"wpforms-8043-field_1\" class=\"wpforms-field-sublabel after wpforms-sublabel-hide\">First<\/label><\/div>\n<div class=\"wpforms-field-row-block wpforms-one-half\"><input type=\"text\" id=\"wpforms-8043-field_1-last\" class=\"wpforms-field-name-last wpforms-field-required\" name=\"wpforms[fields][1][last]\" placeholder=\"\u0424\u0430\u043c\u0438\u043b\u0438\u044f\" aria-errormessage=\"wpforms-8043-field_1-last-error\" required><label for=\"wpforms-8043-field_1-last\" class=\"wpforms-field-sublabel after wpforms-sublabel-hide\">Last<\/label><\/div>\n<\/div>\n<\/fieldset>\n<\/div>\n<div id=\"wpforms-8043-field_13-container\" class=\"wpforms-field wpforms-field-name\" data-field-id=\"13\">\n<fieldset>\n<legend class=\"wpforms-field-label wpforms-label-hide\" aria-hidden=\"false\">Name (\u043a\u043e\u043f\u0438\u044f) (\u043a\u043e\u043f\u0438\u044f) (\u043a\u043e\u043f\u0438\u044f) <span class=\"wpforms-required-label\" aria-hidden=\"true\">*<\/span><\/legend>\n<div class=\"wpforms-field-row wpforms-field-large\">\n<div class=\"wpforms-field-row-block wpforms-first wpforms-one-half\"><input type=\"text\" id=\"wpforms-8043-field_13\" class=\"wpforms-field-name-first wpforms-field-required\" name=\"wpforms[fields][13][first]\" placeholder=\"Email-a\u0434\u0440\u0435\u0441\" aria-errormessage=\"wpforms-8043-field_13-error\" required><label for=\"wpforms-8043-field_13\" class=\"wpforms-field-sublabel after wpforms-sublabel-hide\">First<\/label><\/div>\n<div class=\"wpforms-field-row-block wpforms-one-half\"><input type=\"text\" id=\"wpforms-8043-field_13-last\" class=\"wpforms-field-name-last wpforms-field-required\" name=\"wpforms[fields][13][last]\" placeholder=\"\u041d\u043e\u043c\u0435\u0440 \u0442\u0435\u043b\u0435\u0444\u043e\u043d\u0430 (+372...)\" aria-errormessage=\"wpforms-8043-field_13-last-error\" required><label for=\"wpforms-8043-field_13-last\" class=\"wpforms-field-sublabel after wpforms-sublabel-hide\">Last<\/label><\/div>\n<\/div>\n<\/fieldset>\n<\/div>\n<div id=\"wpforms-8043-field_11-container\" class=\"wpforms-field wpforms-field-name\" data-field-id=\"11\">\n<fieldset>\n<legend class=\"wpforms-field-label wpforms-label-hide\" aria-hidden=\"false\">Name (\u043a\u043e\u043f\u0438\u044f) (\u043a\u043e\u043f\u0438\u044f) <span class=\"wpforms-required-label\" aria-hidden=\"true\">*<\/span><\/legend>\n<div class=\"wpforms-field-row wpforms-field-large\">\n<div class=\"wpforms-field-row-block wpforms-first wpforms-one-half\"><input type=\"text\" id=\"wpforms-8043-field_11\" class=\"wpforms-field-name-first wpforms-field-required\" name=\"wpforms[fields][11][first]\" placeholder=\"\u041a\u043e\u043b\u0438\u0447\u0435\u0441\u0442\u0432\u043e \u0432\u0437\u0440\u043e\u0441\u043b\u044b\u0445\" aria-errormessage=\"wpforms-8043-field_11-error\" required><label for=\"wpforms-8043-field_11\" class=\"wpforms-field-sublabel after wpforms-sublabel-hide\">First<\/label><\/div>\n<div class=\"wpforms-field-row-block wpforms-one-half\"><input type=\"text\" id=\"wpforms-8043-field_11-last\" class=\"wpforms-field-name-last wpforms-field-required\" name=\"wpforms[fields][11][last]\" placeholder=\"\u041a\u043e\u043b\u0438\u0447\u0435\u0441\u0442\u0432\u043e \u0434\u0435\u0442\u0435\u0439\" aria-errormessage=\"wpforms-8043-field_11-last-error\" required><label for=\"wpforms-8043-field_11-last\" class=\"wpforms-field-sublabel after wpforms-sublabel-hide\">Last<\/label><\/div>\n<\/div>\n<\/fieldset>\n<\/div>\n<div id=\"wpforms-8043-field_17-container\" class=\"wpforms-field wpforms-field-name\" data-field-id=\"17\">\n<fieldset>\n<legend class=\"wpforms-field-label wpforms-label-hide\" aria-hidden=\"false\">Name (\u043a\u043e\u043f\u0438\u044f) (\u043a\u043e\u043f\u0438\u044f) (\u043a\u043e\u043f\u0438\u044f) (\u043a\u043e\u043f\u0438\u044f) <span class=\"wpforms-required-label\" aria-hidden=\"true\">*<\/span><\/legend>\n<div class=\"wpforms-field-row wpforms-field-large\">\n<div class=\"wpforms-field-row-block wpforms-first wpforms-one-half\"><input type=\"text\" id=\"wpforms-8043-field_17\" class=\"wpforms-field-name-first wpforms-field-required\" name=\"wpforms[fields][17][first]\" placeholder=\"\u041a\u043b\u0430\u0441\u0441 \u043e\u0442\u0435\u043b\u044f\" aria-errormessage=\"wpforms-8043-field_17-error\" required><label for=\"wpforms-8043-field_17\" class=\"wpforms-field-sublabel after wpforms-sublabel-hide\">First<\/label><\/div>\n<div class=\"wpforms-field-row-block wpforms-one-half\"><input type=\"text\" id=\"wpforms-8043-field_17-last\" class=\"wpforms-field-name-last wpforms-field-required\" name=\"wpforms[fields][17][last]\" placeholder=\"\u0414\u0430\u0442\u0430 \u0432\u044b\u043b\u0435\u0442\u0430\" aria-errormessage=\"wpforms-8043-field_17-last-error\" required><label for=\"wpforms-8043-field_17-last\" class=\"wpforms-field-sublabel after wpforms-sublabel-hide\">Last<\/label><\/div>\n<\/div>\n<\/fieldset>\n<\/div>\n<div id=\"wpforms-8043-field_14-container\" class=\"wpforms-field wpforms-field-radio wpforms-list-2-columns\" data-field-id=\"14\">\n<fieldset>\n<legend class=\"wpforms-field-label\">\u0423\u043a\u0430\u0436\u0438\u0442\u0435 \u0436\u0435\u043b\u0430\u0435\u043c\u043e\u0435 \u043d\u0430\u043f\u0440\u0430\u0432\u043b\u0435\u043d\u0438\u0435<\/legend>\n<ul id=\"wpforms-8043-field_14\">\n<li class=\"choice-1 depth-1\"><input type=\"radio\" id=\"wpforms-8043-field_14_1\" name=\"wpforms[fields][14]\" value=\"\u0410\u043b\u0431\u0430\u043d\u0438\u044f\" aria-errormessage=\"wpforms-8043-field_14_1-error\"  ><label class=\"wpforms-field-label-inline\" for=\"wpforms-8043-field_14_1\">\u0410\u043b\u0431\u0430\u043d\u0438\u044f<\/label><\/li>\n<li class=\"choice-2 depth-1\"><input type=\"radio\" id=\"wpforms-8043-field_14_2\" name=\"wpforms[fields][14]\" value=\"\u0410\u043d\u0434\u043e\u0440\u0440\u0430\" aria-errormessage=\"wpforms-8043-field_14_2-error\"  ><label class=\"wpforms-field-label-inline\" for=\"wpforms-8043-field_14_2\">\u0410\u043d\u0434\u043e\u0440\u0440\u0430<\/label><\/li>\n<li class=\"choice-3 depth-1\"><input type=\"radio\" id=\"wpforms-8043-field_14_3\" name=\"wpforms[fields][14]\" value=\"\u0411\u043e\u0434\u0440\u0443\u043c\" aria-errormessage=\"wpforms-8043-field_14_3-error\"  ><label class=\"wpforms-field-label-inline\" for=\"wpforms-8043-field_14_3\">\u0411\u043e\u0434\u0440\u0443\u043c<\/label><\/li>\n<li class=\"choice-4 depth-1\"><input type=\"radio\" id=\"wpforms-8043-field_14_4\" name=\"wpforms[fields][14]\" value=\"\u0411\u043e\u043b\u0433\u0430\u0440\u0438\u044f\" aria-errormessage=\"wpforms-8043-field_14_4-error\"  ><label class=\"wpforms-field-label-inline\" for=\"wpforms-8043-field_14_4\">\u0411\u043e\u043b\u0433\u0430\u0440\u0438\u044f<\/label><\/li>\n<li class=\"choice-5 depth-1\"><input type=\"radio\" id=\"wpforms-8043-field_14_5\" name=\"wpforms[fields][14]\" value=\"\u0413\u0440\u0435\u0446\u0438\u044f\" aria-errormessage=\"wpforms-8043-field_14_5-error\"  ><label class=\"wpforms-field-label-inline\" for=\"wpforms-8043-field_14_5\">\u0413\u0440\u0435\u0446\u0438\u044f<\/label><\/li>\n<li class=\"choice-6 depth-1\"><input type=\"radio\" id=\"wpforms-8043-field_14_6\" name=\"wpforms[fields][14]\" value=\"\u0415\u0433\u0438\u043f\u0435\u0442\" aria-errormessage=\"wpforms-8043-field_14_6-error\"  ><label class=\"wpforms-field-label-inline\" for=\"wpforms-8043-field_14_6\">\u0415\u0433\u0438\u043f\u0435\u0442<\/label><\/li>\n<li class=\"choice-7 depth-1\"><input type=\"radio\" id=\"wpforms-8043-field_14_7\" name=\"wpforms[fields][14]\" value=\"\u0418\u0441\u043f\u0430\u043d\u0438\u044f\" aria-errormessage=\"wpforms-8043-field_14_7-error\"  ><label class=\"wpforms-field-label-inline\" for=\"wpforms-8043-field_14_7\">\u0418\u0441\u043f\u0430\u043d\u0438\u044f<\/label><\/li>\n<li class=\"choice-8 depth-1\"><input type=\"radio\" id=\"wpforms-8043-field_14_8\" name=\"wpforms[fields][14]\" value=\"\u0418\u0442\u0430\u043b\u0438\u044f\" aria-errormessage=\"wpforms-8043-field_14_8-error\"  ><label class=\"wpforms-field-label-inline\" for=\"wpforms-8043-field_14_8\">\u0418\u0442\u0430\u043b\u0438\u044f<\/label><\/li>\n<li class=\"choice-9 depth-1\"><input type=\"radio\" id=\"wpforms-8043-field_14_9\" name=\"wpforms[fields][14]\" value=\"\u041a\u0438\u043f\u0440\" aria-errormessage=\"wpforms-8043-field_14_9-error\"  ><label class=\"wpforms-field-label-inline\" for=\"wpforms-8043-field_14_9\">\u041a\u0438\u043f\u0440<\/label><\/li>\n<li class=\"choice-10 depth-1\"><input type=\"radio\" id=\"wpforms-8043-field_14_10\" name=\"wpforms[fields][14]\" value=\"\u041c\u0430\u043b\u044c\u0434\u0438\u0432\u044b\" aria-errormessage=\"wpforms-8043-field_14_10-error\"  ><label class=\"wpforms-field-label-inline\" for=\"wpforms-8043-field_14_10\">\u041c\u0430\u043b\u044c\u0434\u0438\u0432\u044b<\/label><\/li>\n<li class=\"choice-13 depth-1\"><input type=\"radio\" id=\"wpforms-8043-field_14_13\" name=\"wpforms[fields][14]\" value=\"\u041c\u043e\u043d\u0442\u0435\u043d\u0435\u0433\u0440\u043e\" aria-errormessage=\"wpforms-8043-field_14_13-error\"  ><label class=\"wpforms-field-label-inline\" for=\"wpforms-8043-field_14_13\">\u041c\u043e\u043d\u0442\u0435\u043d\u0435\u0433\u0440\u043e<\/label><\/li>\n<li class=\"choice-12 depth-1\"><input type=\"radio\" id=\"wpforms-8043-field_14_12\" name=\"wpforms[fields][14]\" value=\"\u041e\u0410\u042d (\u042d\u043c\u0438\u0440\u0430\u0442\u044b)\" aria-errormessage=\"wpforms-8043-field_14_12-error\"  ><label class=\"wpforms-field-label-inline\" for=\"wpforms-8043-field_14_12\">\u041e\u0410\u042d (\u042d\u043c\u0438\u0440\u0430\u0442\u044b)<\/label><\/li>\n<li class=\"choice-11 depth-1\"><input type=\"radio\" id=\"wpforms-8043-field_14_11\" name=\"wpforms[fields][14]\" value=\"\u0422\u0430\u0438\u043b\u0430\u043d\u0434\" aria-errormessage=\"wpforms-8043-field_14_11-error\"  ><label class=\"wpforms-field-label-inline\" for=\"wpforms-8043-field_14_11\">\u0422\u0430\u0438\u043b\u0430\u043d\u0434<\/label><\/li>\n<li class=\"choice-19 depth-1\"><input type=\"radio\" id=\"wpforms-8043-field_14_19\" name=\"wpforms[fields][14]\" value=\"\u0422\u0443\u043d\u0438\u0441\" aria-errormessage=\"wpforms-8043-field_14_19-error\"  ><label class=\"wpforms-field-label-inline\" for=\"wpforms-8043-field_14_19\">\u0422\u0443\u043d\u0438\u0441<\/label><\/li>\n<li class=\"choice-18 depth-1\"><input type=\"radio\" id=\"wpforms-8043-field_14_18\" name=\"wpforms[fields][14]\" value=\"\u0422\u0443\u0440\u0446\u0438\u044f\" aria-errormessage=\"wpforms-8043-field_14_18-error\"  ><label class=\"wpforms-field-label-inline\" for=\"wpforms-8043-field_14_18\">\u0422\u0443\u0440\u0446\u0438\u044f<\/label><\/li>\n<li class=\"choice-17 depth-1\"><input type=\"radio\" id=\"wpforms-8043-field_14_17\" name=\"wpforms[fields][14]\" value=\"\u0428\u0440\u0438-\u041b\u0430\u043d\u043a\u0430\" aria-errormessage=\"wpforms-8043-field_14_17-error\"  ><label class=\"wpforms-field-label-inline\" for=\"wpforms-8043-field_14_17\">\u0428\u0440\u0438-\u041b\u0430\u043d\u043a\u0430<\/label><\/li>\n<\/ul>\n<\/fieldset>\n<\/div>\n<div id=\"wpforms-8043-field_2-container\"\n\t\t\tclass=\"wpforms-field wpforms-field-text\"\n\t\t\tdata-field-type=\"text\"\n\t\t\tdata-field-id=\"2\"\n\t\t\t><br \/>\n\t\t\t<label class=\"wpforms-field-label\" for=\"wpforms-8043-field_2\" >\u0412\u0430\u0448\u0438 (\u043a\u043e\u043f\u0438\u044f) (\u043a\u043e\u043f\u0438\u044f)<\/label><br \/>\n\t\t\t<input type=\"text\" id=\"wpforms-8043-field_2\" class=\"wpforms-field-medium\" name=\"wpforms[fields][2]\" >\n\t\t<\/div>\n<div id=\"wpforms-8043-field_15-container\" class=\"wpforms-field wpforms-field-textarea\" data-field-id=\"15\"><label class=\"wpforms-field-label\" for=\"wpforms-8043-field_15\">\u0412\u0430\u0448\u0438 \u043f\u0440\u0435\u0434\u043f\u043e\u0447\u0442\u0435\u043d\u0438\u044f \u0438 \u043f\u043e\u0436\u0435\u043b\u0430\u043d\u0438\u044f<\/label><textarea id=\"wpforms-8043-field_15\" class=\"wpforms-field-small\" name=\"wpforms[fields][15]\" aria-errormessage=\"wpforms-8043-field_15-error\" ><\/textarea><\/div>\n<div id=\"wpforms-8043-field_18-container\" class=\"wpforms-field wpforms-field-checkbox wpforms-list-2-columns\" data-field-id=\"18\">\n<fieldset>\n<legend class=\"wpforms-field-label\">\u0421\u0442\u0440\u0430\u0445\u043e\u0432\u043a\u0430 \u0438 \u0440\u0430\u0441\u0441\u0440\u043e\u0447\u043a\u0430<\/legend>\n<ul id=\"wpforms-8043-field_18\">\n<li class=\"choice-1 depth-1\"><input type=\"checkbox\" id=\"wpforms-8043-field_18_1\" name=\"wpforms[fields][18][]\" value=\"\u0416\u0435\u043b\u0430\u044e \u0441\u0442\u0440\u0430\u0445\u043e\u0432\u043a\u0443\" aria-errormessage=\"wpforms-8043-field_18_1-error\"  ><label class=\"wpforms-field-label-inline\" for=\"wpforms-8043-field_18_1\">\u0416\u0435\u043b\u0430\u044e \u0441\u0442\u0440\u0430\u0445\u043e\u0432\u043a\u0443<\/label><\/li>\n<li class=\"choice-2 depth-1\"><input type=\"checkbox\" id=\"wpforms-8043-field_18_2\" name=\"wpforms[fields][18][]\" value=\"\u0416\u0435\u043b\u0430\u044e ESTO \u0440\u0430\u0441\u0441\u0440\u043e\u0447\u043a\u0443\" aria-errormessage=\"wpforms-8043-field_18_2-error\"  ><label class=\"wpforms-field-label-inline\" for=\"wpforms-8043-field_18_2\">\u0416\u0435\u043b\u0430\u044e ESTO \u0440\u0430\u0441\u0441\u0440\u043e\u0447\u043a\u0443<\/label><\/li>\n<li class=\"choice-3 depth-1\"><input type=\"checkbox\" id=\"wpforms-8043-field_18_3\" name=\"wpforms[fields][18][]\" value=\"\u0413\u0438\u0431\u043a\u0438\u0435 \u0434\u0430\u0442\u044b (+\/-3 \u0434\u043d\u044f)\" aria-errormessage=\"wpforms-8043-field_18_3-error\"  ><label class=\"wpforms-field-label-inline\" for=\"wpforms-8043-field_18_3\">\u0413\u0438\u0431\u043a\u0438\u0435 \u0434\u0430\u0442\u044b (+\/-3 \u0434\u043d\u044f)<\/label><\/li>\n<li class=\"choice-4 depth-1\"><input type=\"checkbox\" id=\"wpforms-8043-field_18_4\" name=\"wpforms[fields][18][]\" value=\"\u0416\u0435\u043b\u0430\u044e \u043f\u043e\u043b\u0443\u0447\u0430\u0442\u044c \u043d\u043e\u0432\u043e\u0441\u0442\u0438\" aria-errormessage=\"wpforms-8043-field_18_4-error\"  ><label class=\"wpforms-field-label-inline\" for=\"wpforms-8043-field_18_4\">\u0416\u0435\u043b\u0430\u044e \u043f\u043e\u043b\u0443\u0447\u0430\u0442\u044c \u043d\u043e\u0432\u043e\u0441\u0442\u0438<\/label><\/li>\n<\/ul>\n<\/fieldset>\n<\/div>\n<div id=\"wpforms-8043-field_19-container\" class=\"wpforms-field wpforms-field-select wpforms-field-select-style-modern\" data-field-id=\"19\"><label class=\"wpforms-field-label\" for=\"wpforms-8043-field_19\">\u0422\u0438\u043f \u043f\u0438\u0442\u0430\u043d\u0438\u044f<\/label><select id=\"wpforms-8043-field_19\" class=\"wpforms-field-medium choicesjs-select\" data-size-class=\"wpforms-field-row wpforms-field-medium\" data-search-enabled=\"\" name=\"wpforms[fields][19][]\" multiple=\"multiple\"><option value=\"\" class=\"placeholder\" disabled ><\/option><option value=\"\u0411\u0435\u0437 \u043f\u0438\u0442\u0430\u043d\u0438\u044f\"  class=\"choice-3 depth-1\"  >\u0411\u0435\u0437 \u043f\u0438\u0442\u0430\u043d\u0438\u044f<\/option><option value=\"\u0422\u043e\u043b\u044c\u043a\u043e \u0437\u0430\u0432\u0442\u0440\u0430\u043a\u0438\"  class=\"choice-1 depth-1\"  >\u0422\u043e\u043b\u044c\u043a\u043e \u0437\u0430\u0432\u0442\u0440\u0430\u043a\u0438<\/option><option value=\"\u0417\u0430\u0432\u0442\u0440\u0430\u043a\u0438 \u0438 \u0443\u0436\u0438\u043d\u044b\"  class=\"choice-2 depth-1\"  >\u0417\u0430\u0432\u0442\u0440\u0430\u043a\u0438 \u0438 \u0443\u0436\u0438\u043d\u044b<\/option><option value=\"\u0412\u0441\u0451 \u0432\u043a\u043b\u044e\u0447\u0435\u043d\u043e\"  class=\"choice-5 depth-1\"  >\u0412\u0441\u0451 \u0432\u043a\u043b\u044e\u0447\u0435\u043d\u043e<\/option><option value=\"\u041d\u0443\u0436\u043d\u044b \u0440\u0430\u0437\u043d\u044b\u0435 \u0432\u0430\u0440\u0438\u0430\u043d\u0442\u044b\"  class=\"choice-4 depth-1\"  >\u041d\u0443\u0436\u043d\u044b \u0440\u0430\u0437\u043d\u044b\u0435 \u0432\u0430\u0440\u0438\u0430\u043d\u0442\u044b<\/option><\/select><\/div>\n<div id=\"wpforms-8043-field_20-container\" class=\"wpforms-field wpforms-field-select wpforms-field-select-style-modern\" data-field-id=\"20\"><label class=\"wpforms-field-label\" for=\"wpforms-8043-field_20\">\u0414\u043b\u0438\u0442\u0435\u043b\u044c\u043d\u043e\u0441\u0442\u044c \u043f\u043e\u0435\u0437\u0434\u043a\u0438<\/label><select id=\"wpforms-8043-field_20\" class=\"wpforms-field-medium choicesjs-select\" data-size-class=\"wpforms-field-row wpforms-field-medium\" data-search-enabled=\"\" name=\"wpforms[fields][20][]\" multiple=\"multiple\"><option value=\"\" class=\"placeholder\" disabled ><\/option><option value=\"3 \u0434\u043d\u044f\"  class=\"choice-3 depth-1\"  >3 \u0434\u043d\u044f<\/option><option value=\"5 \u0434\u043d\u0435\u0439\"  class=\"choice-1 depth-1\"  >5 \u0434\u043d\u0435\u0439<\/option><option value=\"7 \u0434\u043d\u0435\u0439\"  class=\"choice-2 depth-1\"  >7 \u0434\u043d\u0435\u0439<\/option><option value=\"10 \u0434\u043d\u0435\u0439\"  class=\"choice-4 depth-1\"  >10 \u0434\u043d\u0435\u0439<\/option><option value=\"14 \u0434\u043d\u0435\u0439\"  class=\"choice-5 depth-1\"  >14 \u0434\u043d\u0435\u0439<\/option><\/select><\/div>\n<p><script>\n\t\t\t\t( function() {\n\t\t\t\t\tconst style = document.createElement( 'style' );\n\t\t\t\t\tstyle.appendChild( document.createTextNode( '#wpforms-8043-field_2-container { position: absolute !important; overflow: hidden !important; display: inline !important; height: 1px !important; width: 1px !important; z-index: -1000 !important; padding: 0 !important; } #wpforms-8043-field_2-container input { visibility: hidden; } #wpforms-conversational-form-page #wpforms-8043-field_2-container label { counter-increment: none; }' ) );\n\t\t\t\t\tdocument.head.appendChild( style );\n\t\t\t\t\tdocument.currentScript?.remove();\n\t\t\t\t} )();\n\t\t\t<\/script><\/div>\n<p><!-- .wpforms-field-container --><\/p>\n<div class=\"wpforms-submit-container\" ><input type=\"hidden\" name=\"wpforms[id]\" value=\"8043\"><input type=\"hidden\" name=\"page_title\" value=\"\"><input type=\"hidden\" name=\"page_url\" value=\"https:\/\/mtravel.ee\/et\/wp-json\/wp\/v2\/product\/8736\"><input type=\"hidden\" name=\"url_referer\" value=\"\"><button type=\"submit\" name=\"wpforms[submit]\" id=\"wpforms-submit-8043\" class=\"wpforms-submit\" data-alt-text=\"\u041e\u0442\u043f\u0440\u0430\u0432\u043a\u0430...\" data-submit-text=\"\u041e\u0442\u043f\u0440\u0430\u0432\u0438\u0442\u044c\" aria-live=\"assertive\" value=\"wpforms-submit\">\u041e\u0442\u043f\u0440\u0430\u0432\u0438\u0442\u044c<\/button><img decoding=\"async\" src=\"https:\/\/mtravel.ee\/wp-content\/plugins\/wpforms-lite\/assets\/images\/submit-spin.svg\" class=\"wpforms-submit-spinner\" style=\"display: none;\" width=\"26\" height=\"26\" alt=\"Loading\"><\/div>\n<\/form>\n<\/div>\n<p>  <!-- .wpforms-container --><\/p>\n","protected":false},"featured_media":8479,"template":"","meta":{"inline_featured_image":false},"product_brand":[],"product_cat":[56],"product_tag":[],"class_list":{"0":"post-8736","1":"product","2":"type-product","3":"status-publish","4":"has-post-thumbnail","6":"product_cat-misc","8":"first","9":"onbackorder","10":"virtual","11":"product-type-simple"},"_links":{"self":[{"href":"https:\/\/mtravel.ee\/et\/wp-json\/wp\/v2\/product\/8736","targetHints":{"allow":["GET"]}}],"collection":[{"href":"https:\/\/mtravel.ee\/et\/wp-json\/wp\/v2\/product"}],"about":[{"href":"https:\/\/mtravel.ee\/et\/wp-json\/wp\/v2\/types\/product"}],"wp:featuredmedia":[{"embeddable":true,"href":"https:\/\/mtravel.ee\/et\/wp-json\/wp\/v2\/media\/8479"}],"wp:attachment":[{"href":"https:\/\/mtravel.ee\/et\/wp-json\/wp\/v2\/media?parent=8736"}],"wp:term":[{"taxonomy":"product_brand","embeddable":true,"href":"https:\/\/mtravel.ee\/et\/wp-json\/wp\/v2\/product_brand?post=8736"},{"taxonomy":"product_cat","embeddable":true,"href":"https:\/\/mtravel.ee\/et\/wp-json\/wp\/v2\/product_cat?post=8736"},{"taxonomy":"product_tag","embeddable":true,"href":"https:\/\/mtravel.ee\/et\/wp-json\/wp\/v2\/product_tag?post=8736"}],"curies":[{"name":"wp","href":"https:\/\/api.w.org\/{rel}","templated":true}]}}